{"id":361,"date":"2024-11-07T14:44:15","date_gmt":"2024-11-07T14:44:15","guid":{"rendered":"https:\/\/www.sonrisasycolores.edu.pe\/home\/?page_id=361"},"modified":"2024-11-07T15:20:44","modified_gmt":"2024-11-07T15:20:44","slug":"que-ofrecemos","status":"publish","type":"page","link":"https:\/\/www.sonrisasycolores.edu.pe\/home\/que-ofrecemos\/","title":{"rendered":"\u00bfQu\u00e9 Ofrecemos?"},"content":{"rendered":"<style>.elementor-361 .elementor-element.elementor-element-77ffc21:not(.elementor-motion-effects-element-type-background), .elementor-361 .elementor-element.elementor-element-77ffc21 > .elementor-motion-effects-container > .elementor-motion-effects-layer{background-color:var( --e-global-color-26050b0 );}.elementor-361 .elementor-element.elementor-element-77ffc21 > .elementor-background-overlay{background-color:#FFC95A;background-image:url(\"https:\/\/www.sonrisasycolores.edu.pe\/home\/wp-content\/uploads\/2024\/10\/header-bg-2x.png\");background-position:0px -40px;background-repeat:no-repeat;background-size:cover;opacity:1;}.elementor-361 .elementor-element.elementor-element-77ffc21 > .elementor-shape-bottom svg{width:calc(165% + 1.3px);height:101px;}.elementor-361 .elementor-element.elementor-element-77ffc21{margin-top:-113px;margin-bottom:0px;padding:200px 0px 130px 0px;}.elementor-361 .elementor-element.elementor-element-f236537 > .elementor-element-populated{margin:0px 0px 0px 0px;--e-column-margin-right:0px;--e-column-margin-left:0px;}.elementor-361 .elementor-element.elementor-element-81b47e0 > .elementor-widget-container{margin:0px 0px 0px 0px;border-style:solid;border-width:0px 0px 0px 0px;}.elementor-361 .elementor-element.elementor-element-81b47e0{text-align:center;}.elementor-361 .elementor-element.elementor-element-81b47e0 .elementor-heading-title{font-family:var( --e-global-typography-f1eb600-font-family ), Sans-serif;font-size:var( --e-global-typography-f1eb600-font-size );font-weight:var( --e-global-typography-f1eb600-font-weight );line-height:var( --e-global-typography-f1eb600-line-height );color:#FFFFFF;}.elementor-361 .elementor-element.elementor-element-99a883d{--display:grid;--e-con-grid-template-columns:repeat(2, 1fr);--e-con-grid-template-rows:repeat(1, 1fr);--grid-auto-flow:row;--margin-top:0px;--margin-bottom:0px;--margin-left:0px;--margin-right:0px;--padding-top:50px;--padding-bottom:50px;--padding-left:0px;--padding-right:0px;}.elementor-361 .elementor-element.elementor-element-142192a{color:#252525;}@media(max-width:1024px){.elementor-361 .elementor-element.elementor-element-77ffc21:not(.elementor-motion-effects-element-type-background), .elementor-361 .elementor-element.elementor-element-77ffc21 > .elementor-motion-effects-container > .elementor-motion-effects-layer{background-position:-428px -41px;background-size:cover;}.elementor-361 .elementor-element.elementor-element-77ffc21 > .elementor-background-overlay{background-position:0px 0px;}.elementor-361 .elementor-element.elementor-element-81b47e0 > .elementor-widget-container{margin:0px 0px 15px 10px;}.elementor-361 .elementor-element.elementor-element-81b47e0 .elementor-heading-title{font-size:var( --e-global-typography-f1eb600-font-size );line-height:var( --e-global-typography-f1eb600-line-height );}.elementor-361 .elementor-element.elementor-element-99a883d{--grid-auto-flow:row;}}@media(max-width:767px){.elementor-361 .elementor-element.elementor-element-77ffc21:not(.elementor-motion-effects-element-type-background), .elementor-361 .elementor-element.elementor-element-77ffc21 > .elementor-motion-effects-container > .elementor-motion-effects-layer{background-position:511px -74px;background-size:0px auto;}.elementor-361 .elementor-element.elementor-element-77ffc21 > .elementor-background-overlay{background-position:0px 0px;background-size:0px auto;}.elementor-361 .elementor-element.elementor-element-77ffc21 > .elementor-shape-bottom svg{height:40px;}.elementor-361 .elementor-element.elementor-element-81b47e0 > .elementor-widget-container{margin:0px 0px 20px 0px;}.elementor-361 .elementor-element.elementor-element-81b47e0{text-align:center;}.elementor-361 .elementor-element.elementor-element-81b47e0 .elementor-heading-title{font-size:var( --e-global-typography-f1eb600-font-size );line-height:var( --e-global-typography-f1eb600-line-height );}.elementor-361 .elementor-element.elementor-element-99a883d{--e-con-grid-template-columns:repeat(1, 1fr);--e-con-grid-template-rows:repeat(1, 1fr);--grid-auto-flow:row;}}<\/style>\t\t<div data-elementor-type=\"wp-page\" data-elementor-id=\"361\" class=\"elementor elementor-361\" data-elementor-post-type=\"page\">\n\t\t\t\t\t\t<section class=\"elementor-section elementor-top-section elementor-element elementor-element-77ffc21 elementor-section-boxed elementor-section-height-default elementor-section-height-default\" data-id=\"77ffc21\" data-element_type=\"section\" data-settings=\"{&quot;background_background&quot;:&quot;classic&quot;,&quot;shape_divider_bottom&quot;:&quot;waves&quot;}\">\n\t\t\t\t\t\t\t<div class=\"elementor-background-overlay\"><\/div>\n\t\t\t\t\t\t<div class=\"elementor-shape elementor-shape-bottom\" data-negative=\"false\">\n\t\t\t<svg xmlns=\"http:\/\/www.w3.org\/2000\/svg\" viewBox=\"0 0 1000 100\" preserveAspectRatio=\"none\">\n\t<path class=\"elementor-shape-fill\" d=\"M421.9,6.5c22.6-2.5,51.5,0.4,75.5,5.3c23.6,4.9,70.9,23.5,100.5,35.7c75.8,32.2,133.7,44.5,192.6,49.7\n\tc23.6,2.1,48.7,3.5,103.4-2.5c54.7-6,106.2-25.6,106.2-25.6V0H0v30.3c0,0,72,32.6,158.4,30.5c39.2-0.7,92.8-6.7,134-22.4\n\tc21.2-8.1,52.2-18.2,79.7-24.2C399.3,7.9,411.6,7.5,421.9,6.5z\"\/>\n<\/svg>\t\t<\/div>\n\t\t\t\t\t<div class=\"elementor-container elementor-column-gap-no\">\n\t\t\t\t\t<div class=\"elementor-column elementor-col-100 elementor-top-column elementor-element elementor-element-f236537\" data-id=\"f236537\" data-element_type=\"column\">\n\t\t\t<div class=\"elementor-widget-wrap elementor-element-populated\">\n\t\t\t\t\t\t<div class=\"elementor-element elementor-element-81b47e0 elementor-widget elementor-widget-heading\" data-id=\"81b47e0\" data-element_type=\"widget\" data-widget_type=\"heading.default\">\n\t\t\t\t<div class=\"elementor-widget-container\">\n\t\t\t\t\t<h2 class=\"elementor-heading-title elementor-size-default\">\u00bfQu\u00e9 Ofrecemos?<\/h2>\t\t\t\t<\/div>\n\t\t\t\t<\/div>\n\t\t\t\t\t<\/div>\n\t\t<\/div>\n\t\t\t\t\t<\/div>\n\t\t<\/section>\n\t\t<div class=\"elementor-element elementor-element-99a883d e-grid e-con-boxed e-con e-parent\" data-id=\"99a883d\" data-element_type=\"container\">\n\t\t\t\t\t<div class=\"e-con-inner\">\n\t\t\t\t<div class=\"elementor-element elementor-element-142192a elementor-widget elementor-widget-text-editor\" data-id=\"142192a\" data-element_type=\"widget\" data-widget_type=\"text-editor.default\">\n\t\t\t\t<div class=\"elementor-widget-container\">\n\t\t\t\t\t\t\t\t\t<ul><li>Personal docente titulado en Educaci\u00f3n Inicial y altamente calificado<\/li><li>Amplia infraestructura con \u00e1rea verde y segura<\/li><li>Aulas por edades equipadas con audio y video<\/li><li>Educaci\u00f3n Personalizada.<\/li><li>Dpto. Psicopedag\u00f3gico<\/li><li>Plan de Formaci\u00f3n en Valores<\/li><li>Ingl\u00e9s intensivo.<\/li><li>Preparaci\u00f3n para los mejores colegios<\/li><\/ul>\t\t\t\t\t\t\t\t<\/div>\n\t\t\t\t<\/div>\n\t\t\t\t<div class=\"elementor-element elementor-element-b106df1 elementor-widget elementor-widget-image\" data-id=\"b106df1\" data-element_type=\"widget\" data-widget_type=\"image.default\">\n\t\t\t\t<div class=\"elementor-widget-container\">\n\t\t\t\t\t\t\t\t\t\t\t\t\t\t\t<img fetchpriority=\"high\" decoding=\"async\" width=\"800\" height=\"451\" src=\"https:\/\/www.sonrisasycolores.edu.pe\/home\/wp-content\/uploads\/2024\/11\/Imagen-de-WhatsApp-2024-11-07-a-las-09.58.14_008fbde3-1024x577.jpg\" class=\"attachment-large size-large wp-image-363\" alt=\"\" srcset=\"https:\/\/www.sonrisasycolores.edu.pe\/home\/wp-content\/uploads\/2024\/11\/Imagen-de-WhatsApp-2024-11-07-a-las-09.58.14_008fbde3-1024x577.jpg 1024w, https:\/\/www.sonrisasycolores.edu.pe\/home\/wp-content\/uploads\/2024\/11\/Imagen-de-WhatsApp-2024-11-07-a-las-09.58.14_008fbde3-300x169.jpg 300w, https:\/\/www.sonrisasycolores.edu.pe\/home\/wp-content\/uploads\/2024\/11\/Imagen-de-WhatsApp-2024-11-07-a-las-09.58.14_008fbde3-768x432.jpg 768w, https:\/\/www.sonrisasycolores.edu.pe\/home\/wp-content\/uploads\/2024\/11\/Imagen-de-WhatsApp-2024-11-07-a-las-09.58.14_008fbde3-1536x865.jpg 1536w, https:\/\/www.sonrisasycolores.edu.pe\/home\/wp-content\/uploads\/2024\/11\/Imagen-de-WhatsApp-2024-11-07-a-las-09.58.14_008fbde3-600x338.jpg 600w, https:\/\/www.sonrisasycolores.edu.pe\/home\/wp-content\/uploads\/2024\/11\/Imagen-de-WhatsApp-2024-11-07-a-las-09.58.14_008fbde3.jpg 1600w\" sizes=\"(max-width: 800px) 100vw, 800px\" \/>\t\t\t\t\t\t\t\t\t\t\t\t\t\t\t<\/div>\n\t\t\t\t<\/div>\n\t\t\t\t\t<\/div>\n\t\t\t\t<\/div>\n\t\t\t\t<\/div>\n\t\t","protected":false},"excerpt":{"rendered":"<p>\u00bfQu\u00e9 Ofrecemos? Personal docente titulado en Educaci\u00f3n Inicial y altamente calificado Amplia infraestructura con \u00e1rea verde y segura Aulas por edades equipadas con audio y video Educaci\u00f3n Personalizada. Dpto. Psicopedag\u00f3gico Plan de Formaci\u00f3n en Valores Ingl\u00e9s intensivo. Preparaci\u00f3n para los mejores colegios<\/p>\n","protected":false},"author":1,"featured_media":0,"parent":0,"menu_order":0,"comment_status":"closed","ping_status":"closed","template":"","meta":{"footnotes":""},"class_list":["post-361","page","type-page","status-publish","hentry"],"_links":{"self":[{"href":"https:\/\/www.sonrisasycolores.edu.pe\/home\/wp-json\/wp\/v2\/pages\/361","targetHints":{"allow":["GET"]}}],"collection":[{"href":"https:\/\/www.sonrisasycolores.edu.pe\/home\/wp-json\/wp\/v2\/pages"}],"about":[{"href":"https:\/\/www.sonrisasycolores.edu.pe\/home\/wp-json\/wp\/v2\/types\/page"}],"author":[{"embeddable":true,"href":"https:\/\/www.sonrisasycolores.edu.pe\/home\/wp-json\/wp\/v2\/users\/1"}],"replies":[{"embeddable":true,"href":"https:\/\/www.sonrisasycolores.edu.pe\/home\/wp-json\/wp\/v2\/comments?post=361"}],"version-history":[{"count":13,"href":"https:\/\/www.sonrisasycolores.edu.pe\/home\/wp-json\/wp\/v2\/pages\/361\/revisions"}],"predecessor-version":[{"id":438,"href":"https:\/\/www.sonrisasycolores.edu.pe\/home\/wp-json\/wp\/v2\/pages\/361\/revisions\/438"}],"wp:attachment":[{"href":"https:\/\/www.sonrisasycolores.edu.pe\/home\/wp-json\/wp\/v2\/media?parent=361"}],"curies":[{"name":"wp","href":"https:\/\/api.w.org\/{rel}","templated":true}]}}