{"id":388,"date":"2024-11-07T15:01:01","date_gmt":"2024-11-07T15:01:01","guid":{"rendered":"https:\/\/www.sonrisasycolores.edu.pe\/home\/?page_id=388"},"modified":"2024-11-07T15:20:09","modified_gmt":"2024-11-07T15:20:09","slug":"infraestructura","status":"publish","type":"page","link":"https:\/\/www.sonrisasycolores.edu.pe\/home\/infraestructura\/","title":{"rendered":"Infraestructura"},"content":{"rendered":"<style>.elementor-388 .elementor-element.elementor-element-dab820a:not(.elementor-motion-effects-element-type-background), .elementor-388 .elementor-element.elementor-element-dab820a > .elementor-motion-effects-container > .elementor-motion-effects-layer{background-color:var( --e-global-color-26050b0 );}.elementor-388 .elementor-element.elementor-element-dab820a > .elementor-background-overlay{background-color:#FFC95A;background-image:url(\"https:\/\/www.sonrisasycolores.edu.pe\/home\/wp-content\/uploads\/2024\/10\/header-bg-2x.png\");background-position:0px -40px;background-repeat:no-repeat;background-size:cover;opacity:1;transition:background 0.3s, border-radius 0.3s, opacity 0.3s;}.elementor-388 .elementor-element.elementor-element-dab820a{transition:background 0.3s, border 0.3s, border-radius 0.3s, box-shadow 0.3s;margin-top:-113px;margin-bottom:0px;padding:200px 0px 130px 0px;}.elementor-388 .elementor-element.elementor-element-dab820a > .elementor-shape-bottom svg{width:calc(165% + 1.3px);height:101px;}.elementor-388 .elementor-element.elementor-element-b19e3a4 > .elementor-element-populated{margin:0px 0px 0px 0px;--e-column-margin-right:0px;--e-column-margin-left:0px;}.elementor-388 .elementor-element.elementor-element-96d3c5f > .elementor-widget-container{margin:0px 0px 0px 0px;border-style:solid;border-width:0px 0px 0px 0px;}.elementor-388 .elementor-element.elementor-element-96d3c5f{text-align:center;}.elementor-388 .elementor-element.elementor-element-96d3c5f .elementor-heading-title{font-family:var( --e-global-typography-f1eb600-font-family ), Sans-serif;font-size:var( --e-global-typography-f1eb600-font-size );font-weight:var( --e-global-typography-f1eb600-font-weight );line-height:var( --e-global-typography-f1eb600-line-height );color:#FFFFFF;}.elementor-388 .elementor-element.elementor-element-1a9f427{--display:grid;--e-con-grid-template-columns:repeat(2, 1fr);--e-con-grid-template-rows:repeat(1, 1fr);--grid-auto-flow:row;--margin-top:0px;--margin-bottom:0px;--margin-left:0px;--margin-right:0px;--padding-top:50px;--padding-bottom:50px;--padding-left:0px;--padding-right:0px;}.elementor-388 .elementor-element.elementor-element-b46860f{--display:flex;}.elementor-388 .elementor-element.elementor-element-1096a02 .elementor-heading-title{font-size:16px;color:var( --e-global-color-primary );}.elementor-388 .elementor-element.elementor-element-b62ee89{color:#252525;}.elementor-388 .elementor-element.elementor-element-180bb4c{--display:flex;}@media(max-width:1024px){.elementor-388 .elementor-element.elementor-element-dab820a:not(.elementor-motion-effects-element-type-background), .elementor-388 .elementor-element.elementor-element-dab820a > .elementor-motion-effects-container > .elementor-motion-effects-layer{background-position:-428px -41px;background-size:cover;}.elementor-388 .elementor-element.elementor-element-dab820a > .elementor-background-overlay{background-position:0px 0px;}.elementor-388 .elementor-element.elementor-element-96d3c5f > .elementor-widget-container{margin:0px 0px 15px 10px;}.elementor-388 .elementor-element.elementor-element-96d3c5f .elementor-heading-title{font-size:var( --e-global-typography-f1eb600-font-size );line-height:var( --e-global-typography-f1eb600-line-height );}.elementor-388 .elementor-element.elementor-element-1a9f427{--grid-auto-flow:row;}}@media(max-width:767px){.elementor-388 .elementor-element.elementor-element-dab820a:not(.elementor-motion-effects-element-type-background), .elementor-388 .elementor-element.elementor-element-dab820a > .elementor-motion-effects-container > .elementor-motion-effects-layer{background-position:511px -74px;background-size:0px auto;}.elementor-388 .elementor-element.elementor-element-dab820a > .elementor-background-overlay{background-position:0px 0px;background-size:0px auto;}.elementor-388 .elementor-element.elementor-element-dab820a > .elementor-shape-bottom svg{height:40px;}.elementor-388 .elementor-element.elementor-element-96d3c5f > .elementor-widget-container{margin:0px 0px 20px 0px;}.elementor-388 .elementor-element.elementor-element-96d3c5f{text-align:center;}.elementor-388 .elementor-element.elementor-element-96d3c5f .elementor-heading-title{font-size:var( --e-global-typography-f1eb600-font-size );line-height:var( --e-global-typography-f1eb600-line-height );}.elementor-388 .elementor-element.elementor-element-1a9f427{--e-con-grid-template-columns:repeat(1, 1fr);--e-con-grid-template-rows:repeat(1, 1fr);--grid-auto-flow:row;}}<\/style>\t\t<div data-elementor-type=\"wp-page\" data-elementor-id=\"388\" class=\"elementor elementor-388\" data-elementor-post-type=\"page\">\n\t\t\t\t\t\t<section class=\"elementor-section elementor-top-section elementor-element elementor-element-dab820a elementor-section-boxed elementor-section-height-default elementor-section-height-default\" data-id=\"dab820a\" data-element_type=\"section\" data-settings=\"{&quot;background_background&quot;:&quot;classic&quot;,&quot;shape_divider_bottom&quot;:&quot;waves&quot;}\">\n\t\t\t\t\t\t\t<div class=\"elementor-background-overlay\"><\/div>\n\t\t\t\t\t\t<div class=\"elementor-shape elementor-shape-bottom\" data-negative=\"false\">\n\t\t\t<svg xmlns=\"http:\/\/www.w3.org\/2000\/svg\" viewBox=\"0 0 1000 100\" preserveAspectRatio=\"none\">\n\t<path class=\"elementor-shape-fill\" d=\"M421.9,6.5c22.6-2.5,51.5,0.4,75.5,5.3c23.6,4.9,70.9,23.5,100.5,35.7c75.8,32.2,133.7,44.5,192.6,49.7\n\tc23.6,2.1,48.7,3.5,103.4-2.5c54.7-6,106.2-25.6,106.2-25.6V0H0v30.3c0,0,72,32.6,158.4,30.5c39.2-0.7,92.8-6.7,134-22.4\n\tc21.2-8.1,52.2-18.2,79.7-24.2C399.3,7.9,411.6,7.5,421.9,6.5z\"\/>\n<\/svg>\t\t<\/div>\n\t\t\t\t\t<div class=\"elementor-container elementor-column-gap-no\">\n\t\t\t\t\t<div class=\"elementor-column elementor-col-100 elementor-top-column elementor-element elementor-element-b19e3a4\" data-id=\"b19e3a4\" data-element_type=\"column\">\n\t\t\t<div class=\"elementor-widget-wrap elementor-element-populated\">\n\t\t\t\t\t\t<div class=\"elementor-element elementor-element-96d3c5f elementor-widget elementor-widget-heading\" data-id=\"96d3c5f\" data-element_type=\"widget\" data-widget_type=\"heading.default\">\n\t\t\t\t<div class=\"elementor-widget-container\">\n\t\t\t\t\t<h2 class=\"elementor-heading-title elementor-size-default\">Infraestructura<\/h2>\t\t\t\t<\/div>\n\t\t\t\t<\/div>\n\t\t\t\t\t<\/div>\n\t\t<\/div>\n\t\t\t\t\t<\/div>\n\t\t<\/section>\n\t\t<div class=\"elementor-element elementor-element-1a9f427 e-grid e-con-boxed e-con e-parent\" data-id=\"1a9f427\" data-element_type=\"container\">\n\t\t\t\t\t<div class=\"e-con-inner\">\n\t\t<div class=\"elementor-element elementor-element-b46860f e-con-full e-flex e-con e-child\" data-id=\"b46860f\" data-element_type=\"container\">\n\t\t\t\t<div class=\"elementor-element elementor-element-1096a02 elementor-widget elementor-widget-heading\" data-id=\"1096a02\" data-element_type=\"widget\" data-widget_type=\"heading.default\">\n\t\t\t\t<div class=\"elementor-widget-container\">\n\t\t\t\t\t<h2 class=\"elementor-heading-title elementor-size-default\">KINDER: Ni\u00f1os de 3, 4 y 5 a\u00f1os<\/h2>\t\t\t\t<\/div>\n\t\t\t\t<\/div>\n\t\t\t\t<div class=\"elementor-element elementor-element-b62ee89 elementor-widget elementor-widget-text-editor\" data-id=\"b62ee89\" data-element_type=\"widget\" data-widget_type=\"text-editor.default\">\n\t\t\t\t<div class=\"elementor-widget-container\">\n\t\t\t\t\t\t\t\t\t<p style=\"text-align: justify;\">Consideramos de gran importancia el espacio del que pueda disfrutar el ni\u00f1o, por lo cual brindamos un ambiente amplio seguro, calido y acogedor en nuestras instalaciones ubicadas en un \u00e1rea de 340 m2.<\/p><ul><li>Contamos con un Patio de Recreo amplio con juegos seguros y variados<\/li><li>Aulas y ambientes espaciosos y preparados adecuadamente para potencializar las inteligencias del ni\u00f1o, equipadas con Audio y Video<\/li><li>Ba\u00f1os Baby<\/li><li>Sala de Lectura<\/li><li>Area del Hogar<\/li><li>Sala de Talleres<\/li><\/ul>\t\t\t\t\t\t\t\t<\/div>\n\t\t\t\t<\/div>\n\t\t\t\t<\/div>\n\t\t<div class=\"elementor-element elementor-element-180bb4c e-con-full e-flex e-con e-child\" data-id=\"180bb4c\" data-element_type=\"container\">\n\t\t\t\t<div class=\"elementor-element elementor-element-521b3db elementor-widget elementor-widget-image\" data-id=\"521b3db\" data-element_type=\"widget\" data-widget_type=\"image.default\">\n\t\t\t\t<div class=\"elementor-widget-container\">\n\t\t\t\t\t\t\t\t\t\t\t\t\t\t\t<img fetchpriority=\"high\" decoding=\"async\" width=\"800\" height=\"451\" src=\"https:\/\/www.sonrisasycolores.edu.pe\/home\/wp-content\/uploads\/2024\/11\/Imagen-de-WhatsApp-2024-11-07-a-las-09.58.12_e1663687-1024x577.jpg\" class=\"attachment-large size-large wp-image-390\" alt=\"\" srcset=\"https:\/\/www.sonrisasycolores.edu.pe\/home\/wp-content\/uploads\/2024\/11\/Imagen-de-WhatsApp-2024-11-07-a-las-09.58.12_e1663687-1024x577.jpg 1024w, https:\/\/www.sonrisasycolores.edu.pe\/home\/wp-content\/uploads\/2024\/11\/Imagen-de-WhatsApp-2024-11-07-a-las-09.58.12_e1663687-300x169.jpg 300w, https:\/\/www.sonrisasycolores.edu.pe\/home\/wp-content\/uploads\/2024\/11\/Imagen-de-WhatsApp-2024-11-07-a-las-09.58.12_e1663687-768x432.jpg 768w, https:\/\/www.sonrisasycolores.edu.pe\/home\/wp-content\/uploads\/2024\/11\/Imagen-de-WhatsApp-2024-11-07-a-las-09.58.12_e1663687-1536x865.jpg 1536w, https:\/\/www.sonrisasycolores.edu.pe\/home\/wp-content\/uploads\/2024\/11\/Imagen-de-WhatsApp-2024-11-07-a-las-09.58.12_e1663687-600x338.jpg 600w, https:\/\/www.sonrisasycolores.edu.pe\/home\/wp-content\/uploads\/2024\/11\/Imagen-de-WhatsApp-2024-11-07-a-las-09.58.12_e1663687.jpg 1600w\" sizes=\"(max-width: 800px) 100vw, 800px\" \/>\t\t\t\t\t\t\t\t\t\t\t\t\t\t\t<\/div>\n\t\t\t\t<\/div>\n\t\t\t\t<\/div>\n\t\t\t\t\t<\/div>\n\t\t\t\t<\/div>\n\t\t\t\t<\/div>\n\t\t","protected":false},"excerpt":{"rendered":"<p>Infraestructura KINDER: Ni\u00f1os de 3, 4 y 5 a\u00f1os Consideramos de gran importancia el espacio del que pueda disfrutar el ni\u00f1o, por lo cual brindamos un ambiente amplio seguro, calido y acogedor en nuestras instalaciones ubicadas en un \u00e1rea de 340 m2. Contamos con un Patio de Recreo amplio con juegos seguros y variados Aulas [&hellip;]<\/p>\n","protected":false},"author":1,"featured_media":0,"parent":0,"menu_order":0,"comment_status":"closed","ping_status":"closed","template":"","meta":{"footnotes":""},"class_list":["post-388","page","type-page","status-publish","hentry"],"_links":{"self":[{"href":"https:\/\/www.sonrisasycolores.edu.pe\/home\/wp-json\/wp\/v2\/pages\/388","targetHints":{"allow":["GET"]}}],"collection":[{"href":"https:\/\/www.sonrisasycolores.edu.pe\/home\/wp-json\/wp\/v2\/pages"}],"about":[{"href":"https:\/\/www.sonrisasycolores.edu.pe\/home\/wp-json\/wp\/v2\/types\/page"}],"author":[{"embeddable":true,"href":"https:\/\/www.sonrisasycolores.edu.pe\/home\/wp-json\/wp\/v2\/users\/1"}],"replies":[{"embeddable":true,"href":"https:\/\/www.sonrisasycolores.edu.pe\/home\/wp-json\/wp\/v2\/comments?post=388"}],"version-history":[{"count":7,"href":"https:\/\/www.sonrisasycolores.edu.pe\/home\/wp-json\/wp\/v2\/pages\/388\/revisions"}],"predecessor-version":[{"id":435,"href":"https:\/\/www.sonrisasycolores.edu.pe\/home\/wp-json\/wp\/v2\/pages\/388\/revisions\/435"}],"wp:attachment":[{"href":"https:\/\/www.sonrisasycolores.edu.pe\/home\/wp-json\/wp\/v2\/media?parent=388"}],"curies":[{"name":"wp","href":"https:\/\/api.w.org\/{rel}","templated":true}]}}