{"id":395,"date":"2024-11-07T15:04:57","date_gmt":"2024-11-07T15:04:57","guid":{"rendered":"https:\/\/www.sonrisasycolores.edu.pe\/home\/?page_id=395"},"modified":"2024-11-07T15:08:37","modified_gmt":"2024-11-07T15:08:37","slug":"aulas-kinder","status":"publish","type":"page","link":"https:\/\/www.sonrisasycolores.edu.pe\/home\/aulas-kinder\/","title":{"rendered":"Aulas (Kinder)"},"content":{"rendered":"<style>.elementor-395 .elementor-element.elementor-element-4e6e284:not(.elementor-motion-effects-element-type-background), .elementor-395 .elementor-element.elementor-element-4e6e284 > .elementor-motion-effects-container > .elementor-motion-effects-layer{background-color:var( --e-global-color-26050b0 );}.elementor-395 .elementor-element.elementor-element-4e6e284 > .elementor-background-overlay{background-color:#FFC95A;background-image:url(\"https:\/\/www.sonrisasycolores.edu.pe\/home\/wp-content\/uploads\/2024\/10\/header-bg-2x.png\");background-position:0px -40px;background-repeat:no-repeat;background-size:cover;opacity:1;transition:background 0.3s, border-radius 0.3s, opacity 0.3s;}.elementor-395 .elementor-element.elementor-element-4e6e284{transition:background 0.3s, border 0.3s, border-radius 0.3s, box-shadow 0.3s;margin-top:-113px;margin-bottom:0px;padding:200px 0px 130px 0px;}.elementor-395 .elementor-element.elementor-element-4e6e284 > .elementor-shape-bottom svg{width:calc(165% + 1.3px);height:101px;}.elementor-395 .elementor-element.elementor-element-220097c > .elementor-element-populated{margin:0px 0px 0px 0px;--e-column-margin-right:0px;--e-column-margin-left:0px;}.elementor-395 .elementor-element.elementor-element-35231eb > .elementor-widget-container{margin:0px 0px 0px 0px;border-style:solid;border-width:0px 0px 0px 0px;}.elementor-395 .elementor-element.elementor-element-35231eb{text-align:center;}.elementor-395 .elementor-element.elementor-element-35231eb .elementor-heading-title{font-family:var( --e-global-typography-f1eb600-font-family ), Sans-serif;font-size:var( --e-global-typography-f1eb600-font-size );font-weight:var( --e-global-typography-f1eb600-font-weight );line-height:var( --e-global-typography-f1eb600-line-height );color:#FFFFFF;}.elementor-395 .elementor-element.elementor-element-986f537{--display:flex;--flex-direction:row;--container-widget-width:initial;--container-widget-height:100%;--container-widget-flex-grow:1;--container-widget-align-self:stretch;--flex-wrap-mobile:wrap;--gap:0px 0px;--row-gap:0px;--column-gap:0px;}.elementor-395 .elementor-element.elementor-element-f9787e3{--display:flex;--flex-direction:column;--container-widget-width:100%;--container-widget-height:initial;--container-widget-flex-grow:0;--container-widget-align-self:initial;--flex-wrap-mobile:wrap;}.elementor-395 .elementor-element.elementor-element-3c4b612 .elementor-heading-title{font-size:18px;color:var( --e-global-color-primary );}.elementor-395 .elementor-element.elementor-element-413ffd3{color:#252525;}.elementor-395 .elementor-element.elementor-element-cc9fc75{--display:flex;--flex-direction:column;--container-widget-width:100%;--container-widget-height:initial;--container-widget-flex-grow:0;--container-widget-align-self:initial;--flex-wrap-mobile:wrap;}@media(min-width:768px){.elementor-395 .elementor-element.elementor-element-f9787e3{--width:50%;}.elementor-395 .elementor-element.elementor-element-cc9fc75{--width:50%;}}@media(max-width:1024px){.elementor-395 .elementor-element.elementor-element-4e6e284:not(.elementor-motion-effects-element-type-background), .elementor-395 .elementor-element.elementor-element-4e6e284 > .elementor-motion-effects-container > .elementor-motion-effects-layer{background-position:-428px -41px;background-size:cover;}.elementor-395 .elementor-element.elementor-element-4e6e284 > .elementor-background-overlay{background-position:0px 0px;}.elementor-395 .elementor-element.elementor-element-35231eb > .elementor-widget-container{margin:0px 0px 15px 10px;}.elementor-395 .elementor-element.elementor-element-35231eb .elementor-heading-title{font-size:var( --e-global-typography-f1eb600-font-size );line-height:var( --e-global-typography-f1eb600-line-height );}}@media(max-width:767px){.elementor-395 .elementor-element.elementor-element-4e6e284:not(.elementor-motion-effects-element-type-background), .elementor-395 .elementor-element.elementor-element-4e6e284 > .elementor-motion-effects-container > .elementor-motion-effects-layer{background-position:511px -74px;background-size:0px auto;}.elementor-395 .elementor-element.elementor-element-4e6e284 > .elementor-background-overlay{background-position:0px 0px;background-size:0px auto;}.elementor-395 .elementor-element.elementor-element-4e6e284 > .elementor-shape-bottom svg{height:40px;}.elementor-395 .elementor-element.elementor-element-35231eb > .elementor-widget-container{margin:0px 0px 20px 0px;}.elementor-395 .elementor-element.elementor-element-35231eb{text-align:center;}.elementor-395 .elementor-element.elementor-element-35231eb .elementor-heading-title{font-size:var( --e-global-typography-f1eb600-font-size );line-height:var( --e-global-typography-f1eb600-line-height );}}<\/style>\t\t<div data-elementor-type=\"wp-page\" data-elementor-id=\"395\" class=\"elementor elementor-395\" data-elementor-post-type=\"page\">\n\t\t\t\t\t\t<section class=\"elementor-section elementor-top-section elementor-element elementor-element-4e6e284 elementor-section-boxed elementor-section-height-default elementor-section-height-default\" data-id=\"4e6e284\" data-element_type=\"section\" data-settings=\"{&quot;background_background&quot;:&quot;classic&quot;,&quot;shape_divider_bottom&quot;:&quot;waves&quot;}\">\n\t\t\t\t\t\t\t<div class=\"elementor-background-overlay\"><\/div>\n\t\t\t\t\t\t<div class=\"elementor-shape elementor-shape-bottom\" data-negative=\"false\">\n\t\t\t<svg xmlns=\"http:\/\/www.w3.org\/2000\/svg\" viewBox=\"0 0 1000 100\" preserveAspectRatio=\"none\">\n\t<path class=\"elementor-shape-fill\" d=\"M421.9,6.5c22.6-2.5,51.5,0.4,75.5,5.3c23.6,4.9,70.9,23.5,100.5,35.7c75.8,32.2,133.7,44.5,192.6,49.7\n\tc23.6,2.1,48.7,3.5,103.4-2.5c54.7-6,106.2-25.6,106.2-25.6V0H0v30.3c0,0,72,32.6,158.4,30.5c39.2-0.7,92.8-6.7,134-22.4\n\tc21.2-8.1,52.2-18.2,79.7-24.2C399.3,7.9,411.6,7.5,421.9,6.5z\"\/>\n<\/svg>\t\t<\/div>\n\t\t\t\t\t<div class=\"elementor-container elementor-column-gap-no\">\n\t\t\t\t\t<div class=\"elementor-column elementor-col-100 elementor-top-column elementor-element elementor-element-220097c\" data-id=\"220097c\" data-element_type=\"column\">\n\t\t\t<div class=\"elementor-widget-wrap elementor-element-populated\">\n\t\t\t\t\t\t<div class=\"elementor-element elementor-element-35231eb elementor-widget elementor-widget-heading\" data-id=\"35231eb\" data-element_type=\"widget\" data-widget_type=\"heading.default\">\n\t\t\t\t<div class=\"elementor-widget-container\">\n\t\t\t\t\t<h2 class=\"elementor-heading-title elementor-size-default\">Aulas (Kinder)<\/h2>\t\t\t\t<\/div>\n\t\t\t\t<\/div>\n\t\t\t\t\t<\/div>\n\t\t<\/div>\n\t\t\t\t\t<\/div>\n\t\t<\/section>\n\t\t<div class=\"elementor-element elementor-element-986f537 e-flex e-con-boxed e-con e-parent\" data-id=\"986f537\" data-element_type=\"container\">\n\t\t\t\t\t<div class=\"e-con-inner\">\n\t\t<div class=\"elementor-element elementor-element-f9787e3 e-con-full e-flex e-con e-child\" data-id=\"f9787e3\" data-element_type=\"container\">\n\t\t\t\t<div class=\"elementor-element elementor-element-3c4b612 elementor-widget elementor-widget-heading\" data-id=\"3c4b612\" data-element_type=\"widget\" data-widget_type=\"heading.default\">\n\t\t\t\t<div class=\"elementor-widget-container\">\n\t\t\t\t\t<h2 class=\"elementor-heading-title elementor-size-default\">Aulas (Kinder)<\/h2>\t\t\t\t<\/div>\n\t\t\t\t<\/div>\n\t\t\t\t<div class=\"elementor-element elementor-element-413ffd3 elementor-widget elementor-widget-text-editor\" data-id=\"413ffd3\" data-element_type=\"widget\" data-widget_type=\"text-editor.default\">\n\t\t\t\t<div class=\"elementor-widget-container\">\n\t\t\t\t\t\t\t\t\t<p style=\"text-align: justify;\">En el Nido Sonrisas y Colores brindamos un a educaci\u00f3n integral a a ni\u00f1os de 3, 4 y 5 a\u00f1os, cada aula est\u00e1 a cargo de una Profesora de Educaci\u00f3n Inicial altamente calificada y especialista en el programa Optimist con el apoyo de una Asistente, con una capacidad m\u00e1xima de 18 ni\u00f1os por aula.<\/p><p style=\"text-align: justify;\"><br \/>Para lograr nuestros objetivos basamos nuestra acci\u00f3n educativa en una atenci\u00f3n personalizada del ni\u00f1o que lo ayude a conocerse a s\u00ed mismo, potencializar sus capacidades y habilidades, enfrentando sus dificultades y aprendiendo a superarlas. Cada ni\u00f1o tiene distintos estilos y ritmos de aprendizaje, por lo que con la ayuda de sus padres y profesoras, debe definir y desarrollar su propio proyecto personal de mejora.<\/p>\t\t\t\t\t\t\t\t<\/div>\n\t\t\t\t<\/div>\n\t\t\t\t<\/div>\n\t\t<div class=\"elementor-element elementor-element-cc9fc75 e-con-full e-flex e-con e-child\" data-id=\"cc9fc75\" data-element_type=\"container\">\n\t\t\t\t<div class=\"elementor-element elementor-element-dd94f4f elementor-widget elementor-widget-image\" data-id=\"dd94f4f\" data-element_type=\"widget\" data-widget_type=\"image.default\">\n\t\t\t\t<div class=\"elementor-widget-container\">\n\t\t\t\t\t\t\t\t\t\t\t\t\t\t\t<img fetchpriority=\"high\" decoding=\"async\" width=\"800\" height=\"600\" src=\"https:\/\/www.sonrisasycolores.edu.pe\/home\/wp-content\/uploads\/2024\/11\/Imagen-de-WhatsApp-2024-11-07-a-las-09.58.14_cc42ac09-1024x768.jpg\" class=\"attachment-large size-large wp-image-411\" alt=\"\" srcset=\"https:\/\/www.sonrisasycolores.edu.pe\/home\/wp-content\/uploads\/2024\/11\/Imagen-de-WhatsApp-2024-11-07-a-las-09.58.14_cc42ac09-1024x768.jpg 1024w, https:\/\/www.sonrisasycolores.edu.pe\/home\/wp-content\/uploads\/2024\/11\/Imagen-de-WhatsApp-2024-11-07-a-las-09.58.14_cc42ac09-300x225.jpg 300w, https:\/\/www.sonrisasycolores.edu.pe\/home\/wp-content\/uploads\/2024\/11\/Imagen-de-WhatsApp-2024-11-07-a-las-09.58.14_cc42ac09-768x576.jpg 768w, https:\/\/www.sonrisasycolores.edu.pe\/home\/wp-content\/uploads\/2024\/11\/Imagen-de-WhatsApp-2024-11-07-a-las-09.58.14_cc42ac09-1536x1152.jpg 1536w, https:\/\/www.sonrisasycolores.edu.pe\/home\/wp-content\/uploads\/2024\/11\/Imagen-de-WhatsApp-2024-11-07-a-las-09.58.14_cc42ac09-600x450.jpg 600w, https:\/\/www.sonrisasycolores.edu.pe\/home\/wp-content\/uploads\/2024\/11\/Imagen-de-WhatsApp-2024-11-07-a-las-09.58.14_cc42ac09.jpg 1600w\" sizes=\"(max-width: 800px) 100vw, 800px\" \/>\t\t\t\t\t\t\t\t\t\t\t\t\t\t\t<\/div>\n\t\t\t\t<\/div>\n\t\t\t\t<\/div>\n\t\t\t\t\t<\/div>\n\t\t\t\t<\/div>\n\t\t\t\t<\/div>\n\t\t","protected":false},"excerpt":{"rendered":"<p>Aulas (Kinder) Aulas (Kinder) En el Nido Sonrisas y Colores brindamos un a educaci\u00f3n integral a a ni\u00f1os de 3, 4 y 5 a\u00f1os, cada aula est\u00e1 a cargo de una Profesora de Educaci\u00f3n Inicial altamente calificada y especialista en el programa Optimist con el apoyo de una Asistente, con una capacidad m\u00e1xima de 18 [&hellip;]<\/p>\n","protected":false},"author":1,"featured_media":0,"parent":0,"menu_order":0,"comment_status":"closed","ping_status":"closed","template":"","meta":{"footnotes":""},"class_list":["post-395","page","type-page","status-publish","hentry"],"_links":{"self":[{"href":"https:\/\/www.sonrisasycolores.edu.pe\/home\/wp-json\/wp\/v2\/pages\/395","targetHints":{"allow":["GET"]}}],"collection":[{"href":"https:\/\/www.sonrisasycolores.edu.pe\/home\/wp-json\/wp\/v2\/pages"}],"about":[{"href":"https:\/\/www.sonrisasycolores.edu.pe\/home\/wp-json\/wp\/v2\/types\/page"}],"author":[{"embeddable":true,"href":"https:\/\/www.sonrisasycolores.edu.pe\/home\/wp-json\/wp\/v2\/users\/1"}],"replies":[{"embeddable":true,"href":"https:\/\/www.sonrisasycolores.edu.pe\/home\/wp-json\/wp\/v2\/comments?post=395"}],"version-history":[{"count":10,"href":"https:\/\/www.sonrisasycolores.edu.pe\/home\/wp-json\/wp\/v2\/pages\/395\/revisions"}],"predecessor-version":[{"id":414,"href":"https:\/\/www.sonrisasycolores.edu.pe\/home\/wp-json\/wp\/v2\/pages\/395\/revisions\/414"}],"wp:attachment":[{"href":"https:\/\/www.sonrisasycolores.edu.pe\/home\/wp-json\/wp\/v2\/media?parent=395"}],"curies":[{"name":"wp","href":"https:\/\/api.w.org\/{rel}","templated":true}]}}