{"id":397,"date":"2024-11-07T15:05:11","date_gmt":"2024-11-07T15:05:11","guid":{"rendered":"https:\/\/www.sonrisasycolores.edu.pe\/home\/?page_id=397"},"modified":"2024-11-07T15:12:58","modified_gmt":"2024-11-07T15:12:58","slug":"psicologia-kinder","status":"publish","type":"page","link":"https:\/\/www.sonrisasycolores.edu.pe\/home\/psicologia-kinder\/","title":{"rendered":"Psicolog\u00eda (Kinder)"},"content":{"rendered":"<style>.elementor-397 .elementor-element.elementor-element-d8e10ee:not(.elementor-motion-effects-element-type-background), .elementor-397 .elementor-element.elementor-element-d8e10ee > .elementor-motion-effects-container > .elementor-motion-effects-layer{background-color:var( --e-global-color-26050b0 );}.elementor-397 .elementor-element.elementor-element-d8e10ee > .elementor-background-overlay{background-color:#FFC95A;background-image:url(\"https:\/\/www.sonrisasycolores.edu.pe\/home\/wp-content\/uploads\/2024\/10\/header-bg-2x.png\");background-position:0px -40px;background-repeat:no-repeat;background-size:cover;opacity:1;transition:background 0.3s, border-radius 0.3s, opacity 0.3s;}.elementor-397 .elementor-element.elementor-element-d8e10ee{transition:background 0.3s, border 0.3s, border-radius 0.3s, box-shadow 0.3s;margin-top:-113px;margin-bottom:0px;padding:200px 0px 130px 0px;}.elementor-397 .elementor-element.elementor-element-d8e10ee > .elementor-shape-bottom svg{width:calc(165% + 1.3px);height:101px;}.elementor-397 .elementor-element.elementor-element-656f4dc > .elementor-element-populated{margin:0px 0px 0px 0px;--e-column-margin-right:0px;--e-column-margin-left:0px;}.elementor-397 .elementor-element.elementor-element-8d2e026 > .elementor-widget-container{margin:0px 0px 0px 0px;border-style:solid;border-width:0px 0px 0px 0px;}.elementor-397 .elementor-element.elementor-element-8d2e026{text-align:center;}.elementor-397 .elementor-element.elementor-element-8d2e026 .elementor-heading-title{font-family:var( --e-global-typography-f1eb600-font-family ), Sans-serif;font-size:var( --e-global-typography-f1eb600-font-size );font-weight:var( --e-global-typography-f1eb600-font-weight );line-height:var( --e-global-typography-f1eb600-line-height );color:#FFFFFF;}.elementor-397 .elementor-element.elementor-element-56f0e37{--display:flex;--flex-direction:row;--container-widget-width:initial;--container-widget-height:100%;--container-widget-flex-grow:1;--container-widget-align-self:stretch;--flex-wrap-mobile:wrap;--gap:0px 0px;--row-gap:0px;--column-gap:0px;--margin-top:0px;--margin-bottom:0px;--margin-left:0px;--margin-right:0px;--padding-top:50px;--padding-bottom:050px;--padding-left:0px;--padding-right:0px;}.elementor-397 .elementor-element.elementor-element-e5386e7{--display:flex;--flex-direction:column;--container-widget-width:100%;--container-widget-height:initial;--container-widget-flex-grow:0;--container-widget-align-self:initial;--flex-wrap-mobile:wrap;}.elementor-397 .elementor-element.elementor-element-bed39ae .elementor-heading-title{font-size:18px;color:var( --e-global-color-primary );}.elementor-397 .elementor-element.elementor-element-dac91a1{color:#252525;}.elementor-397 .elementor-element.elementor-element-d903d20 .elementor-heading-title{font-size:18px;color:var( --e-global-color-primary );}.elementor-397 .elementor-element.elementor-element-426feb8{color:#252525;}.elementor-397 .elementor-element.elementor-element-ace2543{--display:flex;--flex-direction:column;--container-widget-width:100%;--container-widget-height:initial;--container-widget-flex-grow:0;--container-widget-align-self:initial;--flex-wrap-mobile:wrap;}@media(min-width:768px){.elementor-397 .elementor-element.elementor-element-e5386e7{--width:50%;}.elementor-397 .elementor-element.elementor-element-ace2543{--width:50%;}}@media(max-width:1024px){.elementor-397 .elementor-element.elementor-element-d8e10ee:not(.elementor-motion-effects-element-type-background), .elementor-397 .elementor-element.elementor-element-d8e10ee > .elementor-motion-effects-container > .elementor-motion-effects-layer{background-position:-428px -41px;background-size:cover;}.elementor-397 .elementor-element.elementor-element-d8e10ee > .elementor-background-overlay{background-position:0px 0px;}.elementor-397 .elementor-element.elementor-element-8d2e026 > .elementor-widget-container{margin:0px 0px 15px 10px;}.elementor-397 .elementor-element.elementor-element-8d2e026 .elementor-heading-title{font-size:var( --e-global-typography-f1eb600-font-size );line-height:var( --e-global-typography-f1eb600-line-height );}}@media(max-width:767px){.elementor-397 .elementor-element.elementor-element-d8e10ee:not(.elementor-motion-effects-element-type-background), .elementor-397 .elementor-element.elementor-element-d8e10ee > .elementor-motion-effects-container > .elementor-motion-effects-layer{background-position:511px -74px;background-size:0px auto;}.elementor-397 .elementor-element.elementor-element-d8e10ee > .elementor-background-overlay{background-position:0px 0px;background-size:0px auto;}.elementor-397 .elementor-element.elementor-element-d8e10ee > .elementor-shape-bottom svg{height:40px;}.elementor-397 .elementor-element.elementor-element-8d2e026 > .elementor-widget-container{margin:0px 0px 20px 0px;}.elementor-397 .elementor-element.elementor-element-8d2e026{text-align:center;}.elementor-397 .elementor-element.elementor-element-8d2e026 .elementor-heading-title{font-size:var( --e-global-typography-f1eb600-font-size );line-height:var( --e-global-typography-f1eb600-line-height );}}<\/style>\t\t<div data-elementor-type=\"wp-page\" data-elementor-id=\"397\" class=\"elementor elementor-397\" data-elementor-post-type=\"page\">\n\t\t\t\t\t\t<section class=\"elementor-section elementor-top-section elementor-element elementor-element-d8e10ee elementor-section-boxed elementor-section-height-default elementor-section-height-default\" data-id=\"d8e10ee\" data-element_type=\"section\" data-settings=\"{&quot;background_background&quot;:&quot;classic&quot;,&quot;shape_divider_bottom&quot;:&quot;waves&quot;}\">\n\t\t\t\t\t\t\t<div class=\"elementor-background-overlay\"><\/div>\n\t\t\t\t\t\t<div class=\"elementor-shape elementor-shape-bottom\" data-negative=\"false\">\n\t\t\t<svg xmlns=\"http:\/\/www.w3.org\/2000\/svg\" viewBox=\"0 0 1000 100\" preserveAspectRatio=\"none\">\n\t<path class=\"elementor-shape-fill\" d=\"M421.9,6.5c22.6-2.5,51.5,0.4,75.5,5.3c23.6,4.9,70.9,23.5,100.5,35.7c75.8,32.2,133.7,44.5,192.6,49.7\n\tc23.6,2.1,48.7,3.5,103.4-2.5c54.7-6,106.2-25.6,106.2-25.6V0H0v30.3c0,0,72,32.6,158.4,30.5c39.2-0.7,92.8-6.7,134-22.4\n\tc21.2-8.1,52.2-18.2,79.7-24.2C399.3,7.9,411.6,7.5,421.9,6.5z\"\/>\n<\/svg>\t\t<\/div>\n\t\t\t\t\t<div class=\"elementor-container elementor-column-gap-no\">\n\t\t\t\t\t<div class=\"elementor-column elementor-col-100 elementor-top-column elementor-element elementor-element-656f4dc\" data-id=\"656f4dc\" data-element_type=\"column\">\n\t\t\t<div class=\"elementor-widget-wrap elementor-element-populated\">\n\t\t\t\t\t\t<div class=\"elementor-element elementor-element-8d2e026 elementor-widget elementor-widget-heading\" data-id=\"8d2e026\" data-element_type=\"widget\" data-widget_type=\"heading.default\">\n\t\t\t\t<div class=\"elementor-widget-container\">\n\t\t\t\t\t<h2 class=\"elementor-heading-title elementor-size-default\">Psicolog\u00eda<\/h2>\t\t\t\t<\/div>\n\t\t\t\t<\/div>\n\t\t\t\t\t<\/div>\n\t\t<\/div>\n\t\t\t\t\t<\/div>\n\t\t<\/section>\n\t\t<div class=\"elementor-element elementor-element-56f0e37 e-flex e-con-boxed e-con e-parent\" data-id=\"56f0e37\" data-element_type=\"container\">\n\t\t\t\t\t<div class=\"e-con-inner\">\n\t\t<div class=\"elementor-element elementor-element-e5386e7 e-con-full e-flex e-con e-child\" data-id=\"e5386e7\" data-element_type=\"container\">\n\t\t\t\t<div class=\"elementor-element elementor-element-bed39ae elementor-widget elementor-widget-heading\" data-id=\"bed39ae\" data-element_type=\"widget\" data-widget_type=\"heading.default\">\n\t\t\t\t<div class=\"elementor-widget-container\">\n\t\t\t\t\t<h2 class=\"elementor-heading-title elementor-size-default\">Psicolog\u00eda (Kinder)<\/h2>\t\t\t\t<\/div>\n\t\t\t\t<\/div>\n\t\t\t\t<div class=\"elementor-element elementor-element-dac91a1 elementor-widget elementor-widget-text-editor\" data-id=\"dac91a1\" data-element_type=\"widget\" data-widget_type=\"text-editor.default\">\n\t\t\t\t<div class=\"elementor-widget-container\">\n\t\t\t\t\t\t\t\t\t<p style=\"text-align: justify;\">Un \u00e1rea importante para complementar nuestra labor educativa es el departamento Psicol\u00f3gico el cual cumple un papel muy importante, brindando un valioso apoyo de evaluaci\u00f3n y asesoramiento a ni\u00f1os, profesoras y padres de familia, desarrollando adem\u00e1s durante el a\u00f1o talleres de orientaci\u00f3n y seguimiento.<\/p><p style=\"text-align: justify;\">Cada bimestre se realiza Talleres y Charlas, con destacados expositores que abordan temas de gran inter\u00e9s como son:<\/p>\t\t\t\t\t\t\t\t<\/div>\n\t\t\t\t<\/div>\n\t\t\t\t<div class=\"elementor-element elementor-element-d903d20 elementor-widget elementor-widget-heading\" data-id=\"d903d20\" data-element_type=\"widget\" data-widget_type=\"heading.default\">\n\t\t\t\t<div class=\"elementor-widget-container\">\n\t\t\t\t\t<h2 class=\"elementor-heading-title elementor-size-default\">TALLERES O CHARLAS DE ESCUELA PARA PADRES<\/h2>\t\t\t\t<\/div>\n\t\t\t\t<\/div>\n\t\t\t\t<div class=\"elementor-element elementor-element-426feb8 elementor-widget elementor-widget-text-editor\" data-id=\"426feb8\" data-element_type=\"widget\" data-widget_type=\"text-editor.default\">\n\t\t\t\t<div class=\"elementor-widget-container\">\n\t\t\t\t\t\t\t\t\t<p style=\"text-align: justify;\">Dada la importancia del rol de los padres como primeros y principales educadores de sus hijos creemos que s\u00f3lo es posible una educaci\u00f3n de calidad, cuando familia y colegio comparten valores y principios educativos. El colegio no sustituye a los padres, pues ellos tienen un derecho y una responsabilidad irrenunciables en la educaci\u00f3n de los hijos. La presencia y participaci\u00f3n de los padres son imprescindibles en nuestro Proyecto Educativo.<\/p>\t\t\t\t\t\t\t\t<\/div>\n\t\t\t\t<\/div>\n\t\t\t\t<\/div>\n\t\t<div class=\"elementor-element elementor-element-ace2543 e-con-full e-flex e-con e-child\" data-id=\"ace2543\" data-element_type=\"container\">\n\t\t\t\t<div class=\"elementor-element elementor-element-1898815 elementor-widget elementor-widget-image\" data-id=\"1898815\" data-element_type=\"widget\" data-widget_type=\"image.default\">\n\t\t\t\t<div class=\"elementor-widget-container\">\n\t\t\t\t\t\t\t\t\t\t\t\t\t\t\t<img fetchpriority=\"high\" decoding=\"async\" width=\"800\" height=\"600\" src=\"https:\/\/www.sonrisasycolores.edu.pe\/home\/wp-content\/uploads\/2024\/11\/Imagen-de-WhatsApp-2024-11-04-a-las-10.44.27_6e09f786-1024x768.jpg\" class=\"attachment-large size-large wp-image-213\" alt=\"\" srcset=\"https:\/\/www.sonrisasycolores.edu.pe\/home\/wp-content\/uploads\/2024\/11\/Imagen-de-WhatsApp-2024-11-04-a-las-10.44.27_6e09f786-1024x768.jpg 1024w, https:\/\/www.sonrisasycolores.edu.pe\/home\/wp-content\/uploads\/2024\/11\/Imagen-de-WhatsApp-2024-11-04-a-las-10.44.27_6e09f786-300x225.jpg 300w, https:\/\/www.sonrisasycolores.edu.pe\/home\/wp-content\/uploads\/2024\/11\/Imagen-de-WhatsApp-2024-11-04-a-las-10.44.27_6e09f786-768x576.jpg 768w, https:\/\/www.sonrisasycolores.edu.pe\/home\/wp-content\/uploads\/2024\/11\/Imagen-de-WhatsApp-2024-11-04-a-las-10.44.27_6e09f786-1536x1152.jpg 1536w, https:\/\/www.sonrisasycolores.edu.pe\/home\/wp-content\/uploads\/2024\/11\/Imagen-de-WhatsApp-2024-11-04-a-las-10.44.27_6e09f786-600x450.jpg 600w, https:\/\/www.sonrisasycolores.edu.pe\/home\/wp-content\/uploads\/2024\/11\/Imagen-de-WhatsApp-2024-11-04-a-las-10.44.27_6e09f786.jpg 1600w\" sizes=\"(max-width: 800px) 100vw, 800px\" \/>\t\t\t\t\t\t\t\t\t\t\t\t\t\t\t<\/div>\n\t\t\t\t<\/div>\n\t\t\t\t<\/div>\n\t\t\t\t\t<\/div>\n\t\t\t\t<\/div>\n\t\t\t\t<\/div>\n\t\t","protected":false},"excerpt":{"rendered":"<p>Psicolog\u00eda Psicolog\u00eda (Kinder) Un \u00e1rea importante para complementar nuestra labor educativa es el departamento Psicol\u00f3gico el cual cumple un papel muy importante, brindando un valioso apoyo de evaluaci\u00f3n y asesoramiento a ni\u00f1os, profesoras y padres de familia, desarrollando adem\u00e1s durante el a\u00f1o talleres de orientaci\u00f3n y seguimiento. Cada bimestre se realiza Talleres y Charlas, con [&hellip;]<\/p>\n","protected":false},"author":1,"featured_media":0,"parent":0,"menu_order":0,"comment_status":"closed","ping_status":"closed","template":"","meta":{"footnotes":""},"class_list":["post-397","page","type-page","status-publish","hentry"],"_links":{"self":[{"href":"https:\/\/www.sonrisasycolores.edu.pe\/home\/wp-json\/wp\/v2\/pages\/397","targetHints":{"allow":["GET"]}}],"collection":[{"href":"https:\/\/www.sonrisasycolores.edu.pe\/home\/wp-json\/wp\/v2\/pages"}],"about":[{"href":"https:\/\/www.sonrisasycolores.edu.pe\/home\/wp-json\/wp\/v2\/types\/page"}],"author":[{"embeddable":true,"href":"https:\/\/www.sonrisasycolores.edu.pe\/home\/wp-json\/wp\/v2\/users\/1"}],"replies":[{"embeddable":true,"href":"https:\/\/www.sonrisasycolores.edu.pe\/home\/wp-json\/wp\/v2\/comments?post=397"}],"version-history":[{"count":7,"href":"https:\/\/www.sonrisasycolores.edu.pe\/home\/wp-json\/wp\/v2\/pages\/397\/revisions"}],"predecessor-version":[{"id":420,"href":"https:\/\/www.sonrisasycolores.edu.pe\/home\/wp-json\/wp\/v2\/pages\/397\/revisions\/420"}],"wp:attachment":[{"href":"https:\/\/www.sonrisasycolores.edu.pe\/home\/wp-json\/wp\/v2\/media?parent=397"}],"curies":[{"name":"wp","href":"https:\/\/api.w.org\/{rel}","templated":true}]}}