{"id":399,"date":"2024-11-07T15:05:24","date_gmt":"2024-11-07T15:05:24","guid":{"rendered":"https:\/\/www.sonrisasycolores.edu.pe\/home\/?page_id=399"},"modified":"2024-11-07T15:21:08","modified_gmt":"2024-11-07T15:21:08","slug":"talleres-kinder","status":"publish","type":"page","link":"https:\/\/www.sonrisasycolores.edu.pe\/home\/talleres-kinder\/","title":{"rendered":"Talleres (Kinder)"},"content":{"rendered":"<style>.elementor-399 .elementor-element.elementor-element-4da339b:not(.elementor-motion-effects-element-type-background), .elementor-399 .elementor-element.elementor-element-4da339b > .elementor-motion-effects-container > .elementor-motion-effects-layer{background-color:var( --e-global-color-26050b0 );}.elementor-399 .elementor-element.elementor-element-4da339b > .elementor-background-overlay{background-color:#FFC95A;background-image:url(\"https:\/\/www.sonrisasycolores.edu.pe\/home\/wp-content\/uploads\/2024\/10\/header-bg-2x.png\");background-position:0px -40px;background-repeat:no-repeat;background-size:cover;opacity:1;transition:background 0.3s, border-radius 0.3s, opacity 0.3s;}.elementor-399 .elementor-element.elementor-element-4da339b{transition:background 0.3s, border 0.3s, border-radius 0.3s, box-shadow 0.3s;margin-top:-113px;margin-bottom:0px;padding:200px 0px 130px 0px;}.elementor-399 .elementor-element.elementor-element-4da339b > .elementor-shape-bottom svg{width:calc(165% + 1.3px);height:101px;}.elementor-399 .elementor-element.elementor-element-3c53f96 > .elementor-element-populated{margin:0px 0px 0px 0px;--e-column-margin-right:0px;--e-column-margin-left:0px;}.elementor-399 .elementor-element.elementor-element-8713d3e > .elementor-widget-container{margin:0px 0px 0px 0px;border-style:solid;border-width:0px 0px 0px 0px;}.elementor-399 .elementor-element.elementor-element-8713d3e{text-align:center;}.elementor-399 .elementor-element.elementor-element-8713d3e .elementor-heading-title{font-family:var( --e-global-typography-f1eb600-font-family ), Sans-serif;font-size:var( --e-global-typography-f1eb600-font-size );font-weight:var( --e-global-typography-f1eb600-font-weight );line-height:var( --e-global-typography-f1eb600-line-height );color:#FFFFFF;}.elementor-399 .elementor-element.elementor-element-dfc667a{--display:flex;--flex-direction:row;--container-widget-width:initial;--container-widget-height:100%;--container-widget-flex-grow:1;--container-widget-align-self:stretch;--flex-wrap-mobile:wrap;--gap:0px 0px;--row-gap:0px;--column-gap:0px;--margin-top:0px;--margin-bottom:0px;--margin-left:0px;--margin-right:0px;--padding-top:50px;--padding-bottom:50px;--padding-left:0px;--padding-right:0px;}.elementor-399 .elementor-element.elementor-element-e2834ef{--display:flex;--flex-direction:column;--container-widget-width:100%;--container-widget-height:initial;--container-widget-flex-grow:0;--container-widget-align-self:initial;--flex-wrap-mobile:wrap;}.elementor-399 .elementor-element.elementor-element-3e1e123 .elementor-heading-title{font-size:18px;color:var( --e-global-color-primary );}.elementor-399 .elementor-element.elementor-element-fd4a4c6 .elementor-heading-title{font-size:18px;color:var( --e-global-color-primary );}.elementor-399 .elementor-element.elementor-element-529a18c{color:#252525;}.elementor-399 .elementor-element.elementor-element-8537f0f .elementor-heading-title{font-size:18px;color:var( --e-global-color-primary );}.elementor-399 .elementor-element.elementor-element-7efa128 .elementor-heading-title{font-size:18px;color:var( --e-global-color-primary );}.elementor-399 .elementor-element.elementor-element-429249f{color:#252525;}.elementor-399 .elementor-element.elementor-element-86e8326 .elementor-heading-title{font-size:18px;color:var( --e-global-color-primary );}.elementor-399 .elementor-element.elementor-element-20bb397{color:#252525;}.elementor-399 .elementor-element.elementor-element-ad95e15 .elementor-heading-title{font-size:18px;color:var( --e-global-color-primary );}.elementor-399 .elementor-element.elementor-element-409a9e6{color:#252525;}.elementor-399 .elementor-element.elementor-element-081bffc .elementor-heading-title{font-size:18px;color:var( --e-global-color-primary );}.elementor-399 .elementor-element.elementor-element-62a4f37{color:#252525;}.elementor-399 .elementor-element.elementor-element-c963866 .elementor-heading-title{font-size:18px;color:var( --e-global-color-primary );}.elementor-399 .elementor-element.elementor-element-bfe1a75{color:#252525;}.elementor-399 .elementor-element.elementor-element-ab98852{--display:flex;--flex-direction:column;--container-widget-width:100%;--container-widget-height:initial;--container-widget-flex-grow:0;--container-widget-align-self:initial;--flex-wrap-mobile:wrap;}@media(min-width:768px){.elementor-399 .elementor-element.elementor-element-e2834ef{--width:50%;}.elementor-399 .elementor-element.elementor-element-ab98852{--width:50%;}}@media(max-width:1024px){.elementor-399 .elementor-element.elementor-element-4da339b:not(.elementor-motion-effects-element-type-background), .elementor-399 .elementor-element.elementor-element-4da339b > .elementor-motion-effects-container > .elementor-motion-effects-layer{background-position:-428px -41px;background-size:cover;}.elementor-399 .elementor-element.elementor-element-4da339b > .elementor-background-overlay{background-position:0px 0px;}.elementor-399 .elementor-element.elementor-element-8713d3e > .elementor-widget-container{margin:0px 0px 15px 10px;}.elementor-399 .elementor-element.elementor-element-8713d3e .elementor-heading-title{font-size:var( --e-global-typography-f1eb600-font-size );line-height:var( --e-global-typography-f1eb600-line-height );}}@media(max-width:767px){.elementor-399 .elementor-element.elementor-element-4da339b:not(.elementor-motion-effects-element-type-background), .elementor-399 .elementor-element.elementor-element-4da339b > .elementor-motion-effects-container > .elementor-motion-effects-layer{background-position:511px -74px;background-size:0px auto;}.elementor-399 .elementor-element.elementor-element-4da339b > .elementor-background-overlay{background-position:0px 0px;background-size:0px auto;}.elementor-399 .elementor-element.elementor-element-4da339b > .elementor-shape-bottom svg{height:40px;}.elementor-399 .elementor-element.elementor-element-8713d3e > .elementor-widget-container{margin:0px 0px 20px 0px;}.elementor-399 .elementor-element.elementor-element-8713d3e{text-align:center;}.elementor-399 .elementor-element.elementor-element-8713d3e .elementor-heading-title{font-size:var( --e-global-typography-f1eb600-font-size );line-height:var( --e-global-typography-f1eb600-line-height );}}<\/style>\t\t<div data-elementor-type=\"wp-page\" data-elementor-id=\"399\" class=\"elementor elementor-399\" data-elementor-post-type=\"page\">\n\t\t\t\t\t\t<section class=\"elementor-section elementor-top-section elementor-element elementor-element-4da339b elementor-section-boxed elementor-section-height-default elementor-section-height-default\" data-id=\"4da339b\" data-element_type=\"section\" data-settings=\"{&quot;background_background&quot;:&quot;classic&quot;,&quot;shape_divider_bottom&quot;:&quot;waves&quot;}\">\n\t\t\t\t\t\t\t<div class=\"elementor-background-overlay\"><\/div>\n\t\t\t\t\t\t<div class=\"elementor-shape elementor-shape-bottom\" data-negative=\"false\">\n\t\t\t<svg xmlns=\"http:\/\/www.w3.org\/2000\/svg\" viewBox=\"0 0 1000 100\" preserveAspectRatio=\"none\">\n\t<path class=\"elementor-shape-fill\" d=\"M421.9,6.5c22.6-2.5,51.5,0.4,75.5,5.3c23.6,4.9,70.9,23.5,100.5,35.7c75.8,32.2,133.7,44.5,192.6,49.7\n\tc23.6,2.1,48.7,3.5,103.4-2.5c54.7-6,106.2-25.6,106.2-25.6V0H0v30.3c0,0,72,32.6,158.4,30.5c39.2-0.7,92.8-6.7,134-22.4\n\tc21.2-8.1,52.2-18.2,79.7-24.2C399.3,7.9,411.6,7.5,421.9,6.5z\"\/>\n<\/svg>\t\t<\/div>\n\t\t\t\t\t<div class=\"elementor-container elementor-column-gap-no\">\n\t\t\t\t\t<div class=\"elementor-column elementor-col-100 elementor-top-column elementor-element elementor-element-3c53f96\" data-id=\"3c53f96\" data-element_type=\"column\">\n\t\t\t<div class=\"elementor-widget-wrap elementor-element-populated\">\n\t\t\t\t\t\t<div class=\"elementor-element elementor-element-8713d3e elementor-widget elementor-widget-heading\" data-id=\"8713d3e\" data-element_type=\"widget\" data-widget_type=\"heading.default\">\n\t\t\t\t<div class=\"elementor-widget-container\">\n\t\t\t\t\t<h2 class=\"elementor-heading-title elementor-size-default\">Talleres (Kinder)<\/h2>\t\t\t\t<\/div>\n\t\t\t\t<\/div>\n\t\t\t\t\t<\/div>\n\t\t<\/div>\n\t\t\t\t\t<\/div>\n\t\t<\/section>\n\t\t<div class=\"elementor-element elementor-element-dfc667a e-flex e-con-boxed e-con e-parent\" data-id=\"dfc667a\" data-element_type=\"container\">\n\t\t\t\t\t<div class=\"e-con-inner\">\n\t\t<div class=\"elementor-element elementor-element-e2834ef e-con-full e-flex e-con e-child\" data-id=\"e2834ef\" data-element_type=\"container\">\n\t\t\t\t<div class=\"elementor-element elementor-element-3e1e123 elementor-widget elementor-widget-heading\" data-id=\"3e1e123\" data-element_type=\"widget\" data-widget_type=\"heading.default\">\n\t\t\t\t<div class=\"elementor-widget-container\">\n\t\t\t\t\t<h2 class=\"elementor-heading-title elementor-size-default\">Talleres (Kinder)<\/h2>\t\t\t\t<\/div>\n\t\t\t\t<\/div>\n\t\t\t\t<div class=\"elementor-element elementor-element-fd4a4c6 elementor-widget elementor-widget-heading\" data-id=\"fd4a4c6\" data-element_type=\"widget\" data-widget_type=\"heading.default\">\n\t\t\t\t<div class=\"elementor-widget-container\">\n\t\t\t\t\t<h2 class=\"elementor-heading-title elementor-size-default\">IDIOMAS<\/h2>\t\t\t\t<\/div>\n\t\t\t\t<\/div>\n\t\t\t\t<div class=\"elementor-element elementor-element-529a18c elementor-widget elementor-widget-text-editor\" data-id=\"529a18c\" data-element_type=\"widget\" data-widget_type=\"text-editor.default\">\n\t\t\t\t<div class=\"elementor-widget-container\">\n\t\t\t\t\t\t\t\t\t<p style=\"text-align: justify;\">Los ni\u00f1os tienen la capacidad de aprender otra lengua a edad temprana. Iniciar el aprendizaje del ingl\u00e9s desde la infancia es el mejor momento. Los ni\u00f1os cuentan con una excelente capacidad de absorci\u00f3n del lenguaje y de imitaci\u00f3n de sonidos. As\u00ed, por imitaci\u00f3n, los ni\u00f1os reproducen los sonidos y las frases y son capaces de aprender m\u00e1s r\u00e1pidamente un segundo idioma.<\/p>\t\t\t\t\t\t\t\t<\/div>\n\t\t\t\t<\/div>\n\t\t\t\t<div class=\"elementor-element elementor-element-8537f0f elementor-widget elementor-widget-heading\" data-id=\"8537f0f\" data-element_type=\"widget\" data-widget_type=\"heading.default\">\n\t\t\t\t<div class=\"elementor-widget-container\">\n\t\t\t\t\t<h2 class=\"elementor-heading-title elementor-size-default\">TALLERES EXTRACURRICULARES:<\/h2>\t\t\t\t<\/div>\n\t\t\t\t<\/div>\n\t\t\t\t<div class=\"elementor-element elementor-element-7efa128 elementor-widget elementor-widget-heading\" data-id=\"7efa128\" data-element_type=\"widget\" data-widget_type=\"heading.default\">\n\t\t\t\t<div class=\"elementor-widget-container\">\n\t\t\t\t\t<h2 class=\"elementor-heading-title elementor-size-default\">M\u00fasica<\/h2>\t\t\t\t<\/div>\n\t\t\t\t<\/div>\n\t\t\t\t<div class=\"elementor-element elementor-element-429249f elementor-widget elementor-widget-text-editor\" data-id=\"429249f\" data-element_type=\"widget\" data-widget_type=\"text-editor.default\">\n\t\t\t\t<div class=\"elementor-widget-container\">\n\t\t\t\t\t\t\t\t\t<p>Desarrolla la discriminaci\u00f3n auditiva y la sensibilidad est\u00e9tica. Mediante la m\u00fasica nuestros ni\u00f1os realizan:<\/p><ul><li>Entrenamiento Te\u00f3rico (Teor\u00eda b\u00e1sica musical).<\/li><li>Entrenamiento R\u00edtmico (Ritmo musical).<\/li><li>Entrenamiento Auditivo (Conocimiento de sonidos e instrumentos musicales).<\/li><li>Entrenamiento Mel\u00f3dico (Entonaci\u00f3n de canciones de forma adecuada y regulando el timbre de voz.<\/li><\/ul>\t\t\t\t\t\t\t\t<\/div>\n\t\t\t\t<\/div>\n\t\t\t\t<div class=\"elementor-element elementor-element-86e8326 elementor-widget elementor-widget-heading\" data-id=\"86e8326\" data-element_type=\"widget\" data-widget_type=\"heading.default\">\n\t\t\t\t<div class=\"elementor-widget-container\">\n\t\t\t\t\t<h2 class=\"elementor-heading-title elementor-size-default\">Minichef<\/h2>\t\t\t\t<\/div>\n\t\t\t\t<\/div>\n\t\t\t\t<div class=\"elementor-element elementor-element-20bb397 elementor-widget elementor-widget-text-editor\" data-id=\"20bb397\" data-element_type=\"widget\" data-widget_type=\"text-editor.default\">\n\t\t\t\t<div class=\"elementor-widget-container\">\n\t\t\t\t\t\t\t\t\t<p style=\"text-align: justify;\">De manera divertida y vivencial, los ni\u00f1os aprenden a valorar una alimentaci\u00f3n sana, estimulando una nutrici\u00f3n adecuada.<\/p>\t\t\t\t\t\t\t\t<\/div>\n\t\t\t\t<\/div>\n\t\t\t\t<div class=\"elementor-element elementor-element-ad95e15 elementor-widget elementor-widget-heading\" data-id=\"ad95e15\" data-element_type=\"widget\" data-widget_type=\"heading.default\">\n\t\t\t\t<div class=\"elementor-widget-container\">\n\t\t\t\t\t<h2 class=\"elementor-heading-title elementor-size-default\">Teatro: Mimo \u2013 Claun<\/h2>\t\t\t\t<\/div>\n\t\t\t\t<\/div>\n\t\t\t\t<div class=\"elementor-element elementor-element-409a9e6 elementor-widget elementor-widget-text-editor\" data-id=\"409a9e6\" data-element_type=\"widget\" data-widget_type=\"text-editor.default\">\n\t\t\t\t<div class=\"elementor-widget-container\">\n\t\t\t\t\t\t\t\t\t<p style=\"text-align: justify;\">De manera divertida y vivencial, los ni\u00f1os aprenden a valorar una alimentaci\u00f3n sana, estimulando una nutrici\u00f3n adecuada.<\/p>\t\t\t\t\t\t\t\t<\/div>\n\t\t\t\t<\/div>\n\t\t\t\t<div class=\"elementor-element elementor-element-081bffc elementor-widget elementor-widget-heading\" data-id=\"081bffc\" data-element_type=\"widget\" data-widget_type=\"heading.default\">\n\t\t\t\t<div class=\"elementor-widget-container\">\n\t\t\t\t\t<h2 class=\"elementor-heading-title elementor-size-default\">Danza<\/h2>\t\t\t\t<\/div>\n\t\t\t\t<\/div>\n\t\t\t\t<div class=\"elementor-element elementor-element-62a4f37 elementor-widget elementor-widget-text-editor\" data-id=\"62a4f37\" data-element_type=\"widget\" data-widget_type=\"text-editor.default\">\n\t\t\t\t<div class=\"elementor-widget-container\">\n\t\t\t\t\t\t\t\t\t<p style=\"text-align: justify;\">De manera divertida y vivencial, los ni\u00f1os aprenden a valorar una alimentaci\u00f3n sana, estimulando una nutrici\u00f3n adecuada<\/p>\t\t\t\t\t\t\t\t<\/div>\n\t\t\t\t<\/div>\n\t\t\t\t<div class=\"elementor-element elementor-element-c963866 elementor-widget elementor-widget-heading\" data-id=\"c963866\" data-element_type=\"widget\" data-widget_type=\"heading.default\">\n\t\t\t\t<div class=\"elementor-widget-container\">\n\t\t\t\t\t<h2 class=\"elementor-heading-title elementor-size-default\">Ajedrez<\/h2>\t\t\t\t<\/div>\n\t\t\t\t<\/div>\n\t\t\t\t<div class=\"elementor-element elementor-element-bfe1a75 elementor-widget elementor-widget-text-editor\" data-id=\"bfe1a75\" data-element_type=\"widget\" data-widget_type=\"text-editor.default\">\n\t\t\t\t<div class=\"elementor-widget-container\">\n\t\t\t\t\t\t\t\t\t<p style=\"text-align: justify;\">La incorporaci\u00f3n del ajedrez en el nivel inicial vino a replantear cu\u00e1les son los l\u00edmites del juego de un ni\u00f1o en edad preescolar.<\/p><p style=\"text-align: justify;\"><br \/>El ajedrez es un juego sumamente enriquecedor y que promueve la construcci\u00f3n de numerosos aprendizajes en los ni\u00f1os. Permite trabajar \u00e1reas muy diversas entre s\u00ed, de manera integrada y complementaria.<\/p>\t\t\t\t\t\t\t\t<\/div>\n\t\t\t\t<\/div>\n\t\t\t\t<\/div>\n\t\t<div class=\"elementor-element elementor-element-ab98852 e-con-full e-flex e-con e-child\" data-id=\"ab98852\" data-element_type=\"container\">\n\t\t\t\t<div class=\"elementor-element elementor-element-2ae739b elementor-widget elementor-widget-image\" data-id=\"2ae739b\" data-element_type=\"widget\" data-widget_type=\"image.default\">\n\t\t\t\t<div class=\"elementor-widget-container\">\n\t\t\t\t\t\t\t\t\t\t\t\t\t\t\t<img fetchpriority=\"high\" decoding=\"async\" width=\"800\" height=\"600\" src=\"https:\/\/www.sonrisasycolores.edu.pe\/home\/wp-content\/uploads\/2024\/11\/2-1024x768.png\" class=\"attachment-large size-large wp-image-282\" alt=\"\" srcset=\"https:\/\/www.sonrisasycolores.edu.pe\/home\/wp-content\/uploads\/2024\/11\/2-1024x768.png 1024w, https:\/\/www.sonrisasycolores.edu.pe\/home\/wp-content\/uploads\/2024\/11\/2-300x225.png 300w, https:\/\/www.sonrisasycolores.edu.pe\/home\/wp-content\/uploads\/2024\/11\/2-768x576.png 768w, https:\/\/www.sonrisasycolores.edu.pe\/home\/wp-content\/uploads\/2024\/11\/2-1536x1152.png 1536w, https:\/\/www.sonrisasycolores.edu.pe\/home\/wp-content\/uploads\/2024\/11\/2-600x450.png 600w, https:\/\/www.sonrisasycolores.edu.pe\/home\/wp-content\/uploads\/2024\/11\/2.png 1600w\" sizes=\"(max-width: 800px) 100vw, 800px\" \/>\t\t\t\t\t\t\t\t\t\t\t\t\t\t\t<\/div>\n\t\t\t\t<\/div>\n\t\t\t\t<\/div>\n\t\t\t\t\t<\/div>\n\t\t\t\t<\/div>\n\t\t\t\t<\/div>\n\t\t","protected":false},"excerpt":{"rendered":"<p>Talleres (Kinder) Talleres (Kinder) IDIOMAS Los ni\u00f1os tienen la capacidad de aprender otra lengua a edad temprana. Iniciar el aprendizaje del ingl\u00e9s desde la infancia es el mejor momento. Los ni\u00f1os cuentan con una excelente capacidad de absorci\u00f3n del lenguaje y de imitaci\u00f3n de sonidos. As\u00ed, por imitaci\u00f3n, los ni\u00f1os reproducen los sonidos y las [&hellip;]<\/p>\n","protected":false},"author":1,"featured_media":0,"parent":0,"menu_order":0,"comment_status":"closed","ping_status":"closed","template":"","meta":{"footnotes":""},"class_list":["post-399","page","type-page","status-publish","hentry"],"_links":{"self":[{"href":"https:\/\/www.sonrisasycolores.edu.pe\/home\/wp-json\/wp\/v2\/pages\/399","targetHints":{"allow":["GET"]}}],"collection":[{"href":"https:\/\/www.sonrisasycolores.edu.pe\/home\/wp-json\/wp\/v2\/pages"}],"about":[{"href":"https:\/\/www.sonrisasycolores.edu.pe\/home\/wp-json\/wp\/v2\/types\/page"}],"author":[{"embeddable":true,"href":"https:\/\/www.sonrisasycolores.edu.pe\/home\/wp-json\/wp\/v2\/users\/1"}],"replies":[{"embeddable":true,"href":"https:\/\/www.sonrisasycolores.edu.pe\/home\/wp-json\/wp\/v2\/comments?post=399"}],"version-history":[{"count":16,"href":"https:\/\/www.sonrisasycolores.edu.pe\/home\/wp-json\/wp\/v2\/pages\/399\/revisions"}],"predecessor-version":[{"id":441,"href":"https:\/\/www.sonrisasycolores.edu.pe\/home\/wp-json\/wp\/v2\/pages\/399\/revisions\/441"}],"wp:attachment":[{"href":"https:\/\/www.sonrisasycolores.edu.pe\/home\/wp-json\/wp\/v2\/media?parent=399"}],"curies":[{"name":"wp","href":"https:\/\/api.w.org\/{rel}","templated":true}]}}